{"id":35,"date":"2026-03-11T21:59:17","date_gmt":"2026-03-11T21:59:17","guid":{"rendered":"https:\/\/definetz.eu\/dienstleistungen\/"},"modified":"2026-03-11T22:02:58","modified_gmt":"2026-03-11T22:02:58","slug":"dienstleistungen","status":"publish","type":"page","link":"https:\/\/definetz.eu\/en\/dienstleistungen\/","title":{"rendered":"services"},"content":{"rendered":"<div class=\"wp-block-group alignfull is-style-ext-preset--group--natural-1--section has-background-background-color has-background has-global-padding is-layout-constrained wp-container-core-group-is-layout-f72f1611 wp-block-group-is-layout-constrained\" id=\"services\" style=\"margin-top:0;margin-bottom:0;padding-top:var(--wp--preset--spacing--70);padding-bottom:var(--wp--preset--spacing--70)\">\n<div class=\"wp-block-group alignwide ext-is-logical-start has-global-padding is-content-justification-left is-layout-constrained wp-container-core-group-is-layout-6729bdbe wp-block-group-is-layout-constrained\">\n<h2 class=\"wp-block-heading ext-animate--on\">Campaigns for more awareness in emergencies<\/h2>\n\n\n\n<p class=\"has-text-align-left ext-animate--on\">This section highlights the variety of services we offer and emphasises quality and customer satisfaction.<\/p>\n<\/div>\n\n\n\n<div class=\"wp-block-columns alignwide is-layout-flex wp-container-core-columns-is-layout-08c01c1c wp-block-columns-is-layout-flex\">\n<div class=\"wp-block-column is-vertically-aligned-stretch ext-animate--on is-layout-flow wp-container-core-column-is-layout-f5bb311e wp-block-column-is-layout-flow\">\n<div class=\"wp-block-group is-style-ext-preset--group--natural-1--item-card-1--align-start has-global-padding is-layout-constrained wp-block-group-is-layout-constrained is-style-ext-preset--group--natural-1--item-card-1--align-start--2\">\n<div class=\"wp-block-group is-style-default has-global-padding is-layout-constrained wp-block-group-is-layout-constrained\">\n<figure class=\"wp-block-image size-large ext-aspect-landscape wp-duotone-primary-foreground\"><img decoding=\"async\" src=\"data:image\/svg+xml;base64,PHN2ZyB4bWxucz0iaHR0cDovL3d3dy53My5vcmcvMjAwMC9zdmciIHdpZHRoPSI0OCIgaGVpZ2h0PSI0OCIgZmlsbD0iIzAwMDAwMCIgdmlld0JveD0iMCAwIDI1NiAyNTYiPjxwYXRoIGQ9Ik0xNzIsNzZhNDQsNDQsMCwxLDAtNDQsNDRBNDQuMDUsNDQuMDUsMCwwLDAsMTcyLDc2Wm0tNDQsMjhhMjgsMjgsMCwxLDEsMjgtMjhBMjgsMjgsMCwwLDEsMTI4LDEwNFptNjAsMjRhNDQsNDQsMCwxLDAsNDQsNDRBNDQuMDUsNDQuMDUsMCwwLDAsMTg4LDEyOFptMCw3MmEyOCwyOCwwLDEsMSwyOC0yOEEyOCwyOCwwLDAsMSwxODgsMjAwWk02OCwxMjhhNDQsNDQsMCwxLDAsNDQsNDRBNDQuMDUsNDQuMDUsMCwwLDAsNjgsMTI4Wm0wLDcyYTI4LDI4LDAsMSwxLDI4LTI4QTI4LDI4LDAsMCwxLDY4LDIwMFoiPjwvcGF0aD48L3N2Zz4=\" alt=\"\" style=\"object-fit:cover\"\/><\/figure>\n\n\n\n<h3 class=\"wp-block-heading\">Service One<\/h3>\n\n\n\n<p>This service has been developed to effectively fulfil your specific requirements.<\/p>\n<\/div>\n<\/div>\n<\/div>\n\n\n\n<div class=\"wp-block-column is-vertically-aligned-stretch ext-animate--on is-layout-flow wp-container-core-column-is-layout-f5bb311e wp-block-column-is-layout-flow\">\n<div class=\"wp-block-group is-style-ext-preset--group--natural-1--item-card-1--align-start has-global-padding is-layout-constrained wp-block-group-is-layout-constrained is-style-ext-preset--group--natural-1--item-card-1--align-start--3\">\n<div class=\"wp-block-group is-style-default has-global-padding is-layout-constrained wp-block-group-is-layout-constrained\">\n<figure class=\"wp-block-image size-large ext-aspect-landscape wp-duotone-primary-foreground\"><img decoding=\"async\" src=\"data:image\/svg+xml;base64,PHN2ZyB4bWxucz0iaHR0cDovL3d3dy53My5vcmcvMjAwMC9zdmciIHdpZHRoPSI0OCIgaGVpZ2h0PSI0OCIgZmlsbD0iIzAwMDAwMCIgdmlld0JveD0iMCAwIDI1NiAyNTYiPjxwYXRoIGQ9Ik04MCw0MGE0MCw0MCwwLDEsMCw0MCw0MEE0MCw0MCwwLDAsMCw4MCw0MFptMCw2NGEyNCwyNCwwLDEsMSwyNC0yNEEyNCwyNCwwLDAsMSw4MCwxMDRabTk2LDE2YTQwLDQwLDAsMSwwLTQwLTQwQTQwLDQwLDAsMCwwLDE3NiwxMjBabTAtNjRhMjQsMjQsMCwxLDEtMjQsMjRBMjQsMjQsMCwwLDEsMTc2LDU2Wk04MCwxMzZhNDAsNDAsMCwxLDAsNDAsNDBBNDAsNDAsMCwwLDAsODAsMTM2Wm0wLDY0YTI0LDI0LDAsMSwxLDI0LTI0QTI0LDI0LDAsMCwxLDgwLDIwMFptOTYtNjRhNDAsNDAsMCwxLDAsNDAsNDBBNDAsNDAsMCwwLDAsMTc2LDEzNlptMCw2NGEyNCwyNCwwLDEsMSwyNC0yNEEyNCwyNCwwLDAsMSwxNzYsMjAwWiI+PC9wYXRoPjwvc3ZnPg==\" alt=\"\" style=\"object-fit:cover\"\/><\/figure>\n\n\n\n<h3 class=\"wp-block-heading\">Service Three<\/h3>\n\n\n\n<p>This service has been developed to provide exceptional value and reliability.<\/p>\n<\/div>\n<\/div>\n<\/div>\n\n\n\n<div class=\"wp-block-column is-vertically-aligned-stretch ext-animate--on is-layout-flow wp-container-core-column-is-layout-f5bb311e wp-block-column-is-layout-flow\">\n<div class=\"wp-block-group is-style-ext-preset--group--natural-1--item-card-1--align-start has-global-padding is-layout-constrained wp-block-group-is-layout-constrained is-style-ext-preset--group--natural-1--item-card-1--align-start--4\">\n<div class=\"wp-block-group is-style-default has-global-padding is-layout-constrained wp-block-group-is-layout-constrained\">\n<figure class=\"wp-block-image size-large ext-aspect-landscape wp-duotone-primary-foreground\"><img decoding=\"async\" src=\"data:image\/svg+xml;base64,PHN2ZyB4bWxucz0iaHR0cDovL3d3dy53My5vcmcvMjAwMC9zdmciIHdpZHRoPSI0OCIgaGVpZ2h0PSI0OCIgZmlsbD0iIzAwMDAwMCIgdmlld0JveD0iMCAwIDI1NiAyNTYiPjxwYXRoIGQ9Ik04MCw0MGE0MCw0MCwwLDEsMCw0MCw0MEE0MCw0MCwwLDAsMCw4MCw0MFptMCw2NGEyNCwyNCwwLDEsMSwyNC0yNEEyNCwyNCwwLDAsMSw4MCwxMDRabTk2LDE2YTQwLDQwLDAsMSwwLTQwLTQwQTQwLDQwLDAsMCwwLDE3NiwxMjBabTAtNjRhMjQsMjQsMCwxLDEtMjQsMjRBMjQsMjQsMCwwLDEsMTc2LDU2Wk04MCwxMzZhNDAsNDAsMCwxLDAsNDAsNDBBNDAsNDAsMCwwLDAsODAsMTM2Wm0wLDY0YTI0LDI0LDAsMSwxLDI0LTI0QTI0LDI0LDAsMCwxLDgwLDIwMFptMTM2LTI0YTgsOCwwLDAsMS04LDhIMTg0djI0YTgsOCwwLDAsMS0xNiwwVjE4NEgxNDRhOCw4LDAsMCwxLDAtMTZoMjRWMTQ0YTgsOCwwLDAsMSwxNiwwdjI0aDI0QTgsOCwwLDAsMSwyMTYsMTc2WiI+PC9wYXRoPjwvc3ZnPg==\" alt=\"\" style=\"object-fit:cover\"\/><\/figure>\n\n\n\n<h3 class=\"wp-block-heading\">Service two<\/h3>\n\n\n\n<p>This service offers customised solutions for optimum results.<\/p>\n<\/div>\n<\/div>\n<\/div>\n<\/div>\n<\/div>\n\n<div class=\"wp-block-group alignfull is-style-ext-preset--group--natural-1--section has-tertiary-background-color has-background has-global-padding is-layout-constrained wp-container-core-group-is-layout-843e5a6d wp-block-group-is-layout-constrained\" id=\"about\" style=\"margin-top:0;margin-bottom:0;padding-top:var(--wp--preset--spacing--70);padding-bottom:var(--wp--preset--spacing--70)\">\n<h2 class=\"wp-block-heading has-text-align-center ext-animate--on\">Defibrillators: Saving lives made easy<\/h2>\n\n\n\n<p class=\"has-text-align-center ext-animate--on\" style=\"margin-top:1.5rem\">This section emphasises your company's mission and values and provides a concise overview of its goals and purpose. It provides insight into the vision that guides your business decisions and direction.<\/p>\n\n\n\n<figure class=\"wp-block-image is-style-ext-preset-image-natural-1-image-1--content-any is-style-ext-preset--image--natural-1--image-1--content-any ext-animate--on is-style-ext-preset--image--natural-1--image-1--content-any--6\"><img loading=\"lazy\" decoding=\"async\" width=\"1440\" height=\"960\" class=\"wp-image-81\" src=\"https:\/\/definetz.eu\/wp-content\/uploads\/2026\/03\/646d8e4b30f5bcaf9cd8e92b427228e914c41726.jpg\" alt=\"\" style=\"aspect-ratio:16\/9;object-fit:cover\" srcset=\"https:\/\/definetz.eu\/wp-content\/uploads\/2026\/03\/646d8e4b30f5bcaf9cd8e92b427228e914c41726.jpg 1440w, https:\/\/definetz.eu\/wp-content\/uploads\/2026\/03\/646d8e4b30f5bcaf9cd8e92b427228e914c41726-600x400.jpg 600w, https:\/\/definetz.eu\/wp-content\/uploads\/2026\/03\/646d8e4b30f5bcaf9cd8e92b427228e914c41726-300x200.jpg 300w, https:\/\/definetz.eu\/wp-content\/uploads\/2026\/03\/646d8e4b30f5bcaf9cd8e92b427228e914c41726-1024x683.jpg 1024w, https:\/\/definetz.eu\/wp-content\/uploads\/2026\/03\/646d8e4b30f5bcaf9cd8e92b427228e914c41726-768x512.jpg 768w, https:\/\/definetz.eu\/wp-content\/uploads\/2026\/03\/646d8e4b30f5bcaf9cd8e92b427228e914c41726-18x12.jpg 18w\" sizes=\"auto, (max-width: 1440px) 100vw, 1440px\" \/><\/figure>\n<\/div>\n\n<div class=\"wp-block-group alignfull is-style-ext-preset--group--natural-1--section has-background-background-color has-background has-global-padding is-layout-constrained wp-container-core-group-is-layout-e955bbaf wp-block-group-is-layout-constrained\" id=\"events\" style=\"margin-top:0;margin-bottom:0;padding-top:var(--wp--preset--spacing--70);padding-bottom:var(--wp--preset--spacing--70)\">\n<div class=\"wp-block-group alignwide ext-is-logical-start has-global-padding is-content-justification-left is-layout-constrained wp-container-core-group-is-layout-20186816 wp-block-group-is-layout-constrained\">\n<h2 class=\"wp-block-heading ext-animate--on\">Germany-wide registration: Your safety counts<\/h2>\n\n\n\n<p class=\"ext-animate--on\">This section highlights upcoming events and activities and provides an overview of exciting opportunities to connect with the community and participate in meaningful experiences.<\/p>\n<\/div>\n\n\n\n<div class=\"wp-block-columns alignwide is-layout-flex wp-container-core-columns-is-layout-08c01c1c wp-block-columns-is-layout-flex\">\n<div class=\"wp-block-column is-vertically-aligned-stretch ext-animate--on is-layout-flow wp-block-column-is-layout-flow\">\n<div class=\"wp-block-group is-style-ext-preset--group--natural-1--item-card-1--align-start has-global-padding is-layout-constrained wp-block-group-is-layout-constrained is-style-ext-preset--group--natural-1--item-card-1--align-start--8\">\n<div class=\"wp-block-group is-style-default has-global-padding is-layout-constrained wp-block-group-is-layout-constrained\">\n<h3 class=\"wp-block-heading\">This is the first event title.<\/h3>\n\n\n\n<div class=\"wp-block-group is-nowrap is-layout-flex wp-container-core-group-is-layout-6fee25ed wp-block-group-is-layout-flex\" style=\"margin-top:24px;padding-top:0;padding-right:0;padding-bottom:0;padding-left:0\">\n<div class=\"wp-block-group is-nowrap is-layout-flex wp-container-core-group-is-layout-2ca071df wp-block-group-is-layout-flex\" style=\"padding-top:0;padding-right:0;padding-bottom:0;padding-left:0\">\n<figure class=\"wp-block-image size-large wp-container-content-c42f3963 wp-duotone-primary-foreground\"><img decoding=\"async\" src=\"data:image\/svg+xml;base64,PHN2ZyB4bWxucz0iaHR0cDovL3d3dy53My5vcmcvMjAwMC9zdmciIHdpZHRoPSIyNCIgaGVpZ2h0PSIyNCIgZmlsbD0iIzAwMDAwMCIgdmlld0JveD0iMCAwIDI1NiAyNTYiPjxwYXRoIGQ9Ik0yMDgsMzJIMTg0VjI0YTgsOCwwLDAsMC0xNiwwdjhIODhWMjRhOCw4LDAsMCwwLTE2LDB2OEg0OEExNiwxNiwwLDAsMCwzMiw0OFYyMDhhMTYsMTYsMCwwLDAsMTYsMTZIMjA4YTE2LDE2LDAsMCwwLDE2LTE2VjQ4QTE2LDE2LDAsMCwwLDIwOCwzMlpNNzIsNDh2OGE4LDgsMCwwLDAsMTYsMFY0OGg4MHY4YTgsOCwwLDAsMCwxNiwwVjQ4aDI0VjgwSDQ4VjQ4Wk0yMDgsMjA4SDQ4Vjk2SDIwOFYyMDhabS02OC03NmExMiwxMiwwLDEsMS0xMi0xMkExMiwxMiwwLDAsMSwxNDAsMTMyWm00NCwwYTEyLDEyLDAsMSwxLTEyLTEyQTEyLDEyLDAsMCwxLDE4NCwxMzJaTTk2LDE3MmExMiwxMiwwLDEsMS0xMi0xMkExMiwxMiwwLDAsMSw5NiwxNzJabTQ0LDBhMTIsMTIsMCwxLDEtMTItMTJBMTIsMTIsMCwwLDEsMTQwLDE3MlptNDQsMGExMiwxMiwwLDEsMS0xMi0xMkExMiwxMiwwLDAsMSwxODQsMTcyWiI+PC9wYXRoPjwvc3ZnPg==\" alt=\"\"\/><\/figure>\n\n\n\n<p class=\"wp-container-content-9cfa9a5a\" style=\"font-size:clamp(14px, 0.875rem + ((1vw - 3.2px) * 0.417), 18px);\">Date:<\/p>\n<\/div>\n\n\n\n<div class=\"wp-block-group is-nowrap is-layout-flex wp-container-core-group-is-layout-2ca071df wp-block-group-is-layout-flex\" style=\"padding-top:0;padding-right:0;padding-bottom:0;padding-left:0\">\n<figure class=\"wp-block-image size-large wp-duotone-primary-foreground\"><img decoding=\"async\" src=\"data:image\/svg+xml;base64,PHN2ZyB4bWxucz0iaHR0cDovL3d3dy53My5vcmcvMjAwMC9zdmciIHdpZHRoPSIyNCIgaGVpZ2h0PSIyNCIgZmlsbD0iIzAwMDAwMCIgdmlld0JveD0iMCAwIDI1NiAyNTYiPjxwYXRoIGQ9Ik0xMjgsNjRhNDAsNDAsMCwxLDAsNDAsNDBBNDAsNDAsMCwwLDAsMTI4LDY0Wm0wLDY0YTI0LDI0LDAsMSwxLDI0LTI0QTI0LDI0LDAsMCwxLDEyOCwxMjhabTAtMTEyYTg4LjEsODguMSwwLDAsMC04OCw4OGMwLDMxLjQsMTQuNTEsNjQuNjgsNDIsOTYuMjVhMjU0LjE5LDI1NC4xOSwwLDAsMCw0MS40NSwzOC4zLDgsOCwwLDAsMCw5LjE4LDBBMjU0LjE5LDI1NC4xOSwwLDAsMCwxNzQsMjAwLjI1YzI3LjQ1LTMxLjU3LDQyLTY0Ljg1LDQyLTk2LjI1QTg4LjEsODguMSwwLDAsMCwxMjgsMTZabTAsMjA2Yy0xNi41My0xMy03Mi02MC43NS03Mi0xMThhNzIsNzIsMCwwLDEsMTQ0LDBDMjAwLDE2MS4yMywxNDQuNTMsMjA5LDEyOCwyMjJaIj48L3BhdGg+PC9zdmc+\" alt=\"\"\/><\/figure>\n\n\n\n<p class=\"wp-container-content-9cfa9a5a\" style=\"font-size:clamp(14px, 0.875rem + ((1vw - 3.2px) * 0.417), 18px);\">Location:<\/p>\n<\/div>\n<\/div>\n\n\n\n<p>This is the first event description.<\/p>\n<\/div>\n<\/div>\n<\/div>\n\n\n\n<div class=\"wp-block-column is-vertically-aligned-stretch ext-animate--on is-layout-flow wp-block-column-is-layout-flow\">\n<div class=\"wp-block-group is-style-ext-preset--group--natural-1--item-card-1--align-start has-global-padding is-layout-constrained wp-block-group-is-layout-constrained is-style-ext-preset--group--natural-1--item-card-1--align-start--9\">\n<div class=\"wp-block-group is-style-default has-global-padding is-layout-constrained wp-block-group-is-layout-constrained\">\n<h3 class=\"wp-block-heading\">This is the third event title.<\/h3>\n\n\n\n<div class=\"wp-block-group is-nowrap is-layout-flex wp-container-core-group-is-layout-6fee25ed wp-block-group-is-layout-flex\" style=\"margin-top:24px;padding-top:0;padding-right:0;padding-bottom:0;padding-left:0\">\n<div class=\"wp-block-group is-nowrap is-layout-flex wp-container-core-group-is-layout-2ca071df wp-block-group-is-layout-flex\" style=\"padding-top:0;padding-right:0;padding-bottom:0;padding-left:0\">\n<figure class=\"wp-block-image size-large wp-container-content-c42f3963 wp-duotone-primary-foreground\"><img decoding=\"async\" src=\"data:image\/svg+xml;base64,PHN2ZyB4bWxucz0iaHR0cDovL3d3dy53My5vcmcvMjAwMC9zdmciIHdpZHRoPSIyNCIgaGVpZ2h0PSIyNCIgZmlsbD0iIzAwMDAwMCIgdmlld0JveD0iMCAwIDI1NiAyNTYiPjxwYXRoIGQ9Ik0yMDgsMzJIMTg0VjI0YTgsOCwwLDAsMC0xNiwwdjhIODhWMjRhOCw4LDAsMCwwLTE2LDB2OEg0OEExNiwxNiwwLDAsMCwzMiw0OFYyMDhhMTYsMTYsMCwwLDAsMTYsMTZIMjA4YTE2LDE2LDAsMCwwLDE2LTE2VjQ4QTE2LDE2LDAsMCwwLDIwOCwzMlpNNzIsNDh2OGE4LDgsMCwwLDAsMTYsMFY0OGg4MHY4YTgsOCwwLDAsMCwxNiwwVjQ4aDI0VjgwSDQ4VjQ4Wk0yMDgsMjA4SDQ4Vjk2SDIwOFYyMDhabS02OC03NmExMiwxMiwwLDEsMS0xMi0xMkExMiwxMiwwLDAsMSwxNDAsMTMyWm00NCwwYTEyLDEyLDAsMSwxLTEyLTEyQTEyLDEyLDAsMCwxLDE4NCwxMzJaTTk2LDE3MmExMiwxMiwwLDEsMS0xMi0xMkExMiwxMiwwLDAsMSw5NiwxNzJabTQ0LDBhMTIsMTIsMCwxLDEtMTItMTJBMTIsMTIsMCwwLDEsMTQwLDE3MlptNDQsMGExMiwxMiwwLDEsMS0xMi0xMkExMiwxMiwwLDAsMSwxODQsMTcyWiI+PC9wYXRoPjwvc3ZnPg==\" alt=\"\"\/><\/figure>\n\n\n\n<p class=\"wp-container-content-9cfa9a5a\" style=\"font-size:clamp(14px, 0.875rem + ((1vw - 3.2px) * 0.417), 18px);\">Date:<\/p>\n<\/div>\n\n\n\n<div class=\"wp-block-group is-nowrap is-layout-flex wp-container-core-group-is-layout-2ca071df wp-block-group-is-layout-flex\" style=\"padding-top:0;padding-right:0;padding-bottom:0;padding-left:0\">\n<figure class=\"wp-block-image size-large wp-duotone-primary-foreground\"><img decoding=\"async\" src=\"data:image\/svg+xml;base64,PHN2ZyB4bWxucz0iaHR0cDovL3d3dy53My5vcmcvMjAwMC9zdmciIHdpZHRoPSIyNCIgaGVpZ2h0PSIyNCIgZmlsbD0iIzAwMDAwMCIgdmlld0JveD0iMCAwIDI1NiAyNTYiPjxwYXRoIGQ9Ik0xMjgsNjRhNDAsNDAsMCwxLDAsNDAsNDBBNDAsNDAsMCwwLDAsMTI4LDY0Wm0wLDY0YTI0LDI0LDAsMSwxLDI0LTI0QTI0LDI0LDAsMCwxLDEyOCwxMjhabTAtMTEyYTg4LjEsODguMSwwLDAsMC04OCw4OGMwLDMxLjQsMTQuNTEsNjQuNjgsNDIsOTYuMjVhMjU0LjE5LDI1NC4xOSwwLDAsMCw0MS40NSwzOC4zLDgsOCwwLDAsMCw5LjE4LDBBMjU0LjE5LDI1NC4xOSwwLDAsMCwxNzQsMjAwLjI1YzI3LjQ1LTMxLjU3LDQyLTY0Ljg1LDQyLTk2LjI1QTg4LjEsODguMSwwLDAsMCwxMjgsMTZabTAsMjA2Yy0xNi41My0xMy03Mi02MC43NS03Mi0xMThhNzIsNzIsMCwwLDEsMTQ0LDBDMjAwLDE2MS4yMywxNDQuNTMsMjA5LDEyOCwyMjJaIj48L3BhdGg+PC9zdmc+\" alt=\"\"\/><\/figure>\n\n\n\n<p class=\"wp-container-content-9cfa9a5a\" style=\"font-size:clamp(14px, 0.875rem + ((1vw - 3.2px) * 0.417), 18px);\">Location:<\/p>\n<\/div>\n<\/div>\n\n\n\n<p>This is the description of the third event.<\/p>\n<\/div>\n<\/div>\n<\/div>\n\n\n\n<div class=\"wp-block-column is-vertically-aligned-stretch ext-animate--on is-layout-flow wp-block-column-is-layout-flow\">\n<div class=\"wp-block-group is-style-ext-preset--group--natural-1--item-card-1--align-start has-global-padding is-layout-constrained wp-block-group-is-layout-constrained is-style-ext-preset--group--natural-1--item-card-1--align-start--10\">\n<div class=\"wp-block-group is-style-default has-global-padding is-layout-constrained wp-block-group-is-layout-constrained\">\n<h3 class=\"wp-block-heading\">This is the second event title.<\/h3>\n\n\n\n<div class=\"wp-block-group is-nowrap is-layout-flex wp-container-core-group-is-layout-6fee25ed wp-block-group-is-layout-flex\" style=\"margin-top:24px;padding-top:0;padding-right:0;padding-bottom:0;padding-left:0\">\n<div class=\"wp-block-group is-nowrap is-layout-flex wp-container-core-group-is-layout-2ca071df wp-block-group-is-layout-flex\" style=\"padding-top:0;padding-right:0;padding-bottom:0;padding-left:0\">\n<figure class=\"wp-block-image size-large wp-container-content-c42f3963 wp-duotone-primary-foreground\"><img decoding=\"async\" src=\"data:image\/svg+xml;base64,PHN2ZyB4bWxucz0iaHR0cDovL3d3dy53My5vcmcvMjAwMC9zdmciIHdpZHRoPSIyNCIgaGVpZ2h0PSIyNCIgZmlsbD0iIzAwMDAwMCIgdmlld0JveD0iMCAwIDI1NiAyNTYiPjxwYXRoIGQ9Ik0yMDgsMzJIMTg0VjI0YTgsOCwwLDAsMC0xNiwwdjhIODhWMjRhOCw4LDAsMCwwLTE2LDB2OEg0OEExNiwxNiwwLDAsMCwzMiw0OFYyMDhhMTYsMTYsMCwwLDAsMTYsMTZIMjA4YTE2LDE2LDAsMCwwLDE2LTE2VjQ4QTE2LDE2LDAsMCwwLDIwOCwzMlpNNzIsNDh2OGE4LDgsMCwwLDAsMTYsMFY0OGg4MHY4YTgsOCwwLDAsMCwxNiwwVjQ4aDI0VjgwSDQ4VjQ4Wk0yMDgsMjA4SDQ4Vjk2SDIwOFYyMDhabS02OC03NmExMiwxMiwwLDEsMS0xMi0xMkExMiwxMiwwLDAsMSwxNDAsMTMyWm00NCwwYTEyLDEyLDAsMSwxLTEyLTEyQTEyLDEyLDAsMCwxLDE4NCwxMzJaTTk2LDE3MmExMiwxMiwwLDEsMS0xMi0xMkExMiwxMiwwLDAsMSw5NiwxNzJabTQ0LDBhMTIsMTIsMCwxLDEtMTItMTJBMTIsMTIsMCwwLDEsMTQwLDE3MlptNDQsMGExMiwxMiwwLDEsMS0xMi0xMkExMiwxMiwwLDAsMSwxODQsMTcyWiI+PC9wYXRoPjwvc3ZnPg==\" alt=\"\"\/><\/figure>\n\n\n\n<p class=\"wp-container-content-9cfa9a5a\" style=\"font-size:clamp(14px, 0.875rem + ((1vw - 3.2px) * 0.417), 18px);\">Date:<\/p>\n<\/div>\n\n\n\n<div class=\"wp-block-group is-nowrap is-layout-flex wp-container-core-group-is-layout-2ca071df wp-block-group-is-layout-flex\" style=\"padding-top:0;padding-right:0;padding-bottom:0;padding-left:0\">\n<figure class=\"wp-block-image size-large wp-duotone-primary-foreground\"><img decoding=\"async\" src=\"data:image\/svg+xml;base64,PHN2ZyB4bWxucz0iaHR0cDovL3d3dy53My5vcmcvMjAwMC9zdmciIHdpZHRoPSIyNCIgaGVpZ2h0PSIyNCIgZmlsbD0iIzAwMDAwMCIgdmlld0JveD0iMCAwIDI1NiAyNTYiPjxwYXRoIGQ9Ik0xMjgsNjRhNDAsNDAsMCwxLDAsNDAsNDBBNDAsNDAsMCwwLDAsMTI4LDY0Wm0wLDY0YTI0LDI0LDAsMSwxLDI0LTI0QTI0LDI0LDAsMCwxLDEyOCwxMjhabTAtMTEyYTg4LjEsODguMSwwLDAsMC04OCw4OGMwLDMxLjQsMTQuNTEsNjQuNjgsNDIsOTYuMjVhMjU0LjE5LDI1NC4xOSwwLDAsMCw0MS40NSwzOC4zLDgsOCwwLDAsMCw5LjE4LDBBMjU0LjE5LDI1NC4xOSwwLDAsMCwxNzQsMjAwLjI1YzI3LjQ1LTMxLjU3LDQyLTY0Ljg1LDQyLTk2LjI1QTg4LjEsODguMSwwLDAsMCwxMjgsMTZabTAsMjA2Yy0xNi41My0xMy03Mi02MC43NS03Mi0xMThhNzIsNzIsMCwwLDEsMTQ0LDBDMjAwLDE2MS4yMywxNDQuNTMsMjA5LDEyOCwyMjJaIj48L3BhdGg+PC9zdmc+\" alt=\"\"\/><\/figure>\n\n\n\n<p class=\"wp-container-content-9cfa9a5a\" style=\"font-size:clamp(14px, 0.875rem + ((1vw - 3.2px) * 0.417), 18px);\">Location:<\/p>\n<\/div>\n<\/div>\n\n\n\n<p>This is the second event description.<\/p>\n<\/div>\n<\/div>\n<\/div>\n<\/div>\n<\/div>","protected":false},"excerpt":{"rendered":"<p>Kampagnen f\u00fcr mehr Bewusstsein in Notf\u00e4llen Dieser Abschnitt hebt die Vielfalt der von uns angebotenen Dienstleistungen hervor und betont Qualit\u00e4t und Kundenzufriedenheit. Dienstleistung Eins Dieser Dienstleistung wurde entwickelt, um Ihre spezifischen Anforderungen effektiv zu erf\u00fcllen. Dienstleistung Drei Dieser Dienstleistung wurde entwickelt, um au\u00dfergew\u00f6hnlichen Wert und Zuverl\u00e4ssigkeit zu bieten. Dienstleistung Zwei Dieser Dienstleistung bietet ma\u00dfgeschneiderte L\u00f6sungen [&hellip;]<\/p>\n","protected":false},"author":1,"featured_media":0,"parent":0,"menu_order":0,"comment_status":"closed","ping_status":"closed","template":"page-with-title","meta":{"footnotes":""},"class_list":["post-35","page","type-page","status-publish","hentry"],"jetpack_sharing_enabled":true,"_links":{"self":[{"href":"https:\/\/definetz.eu\/en\/wp-json\/wp\/v2\/pages\/35","targetHints":{"allow":["GET"]}}],"collection":[{"href":"https:\/\/definetz.eu\/en\/wp-json\/wp\/v2\/pages"}],"about":[{"href":"https:\/\/definetz.eu\/en\/wp-json\/wp\/v2\/types\/page"}],"author":[{"embeddable":true,"href":"https:\/\/definetz.eu\/en\/wp-json\/wp\/v2\/users\/1"}],"replies":[{"embeddable":true,"href":"https:\/\/definetz.eu\/en\/wp-json\/wp\/v2\/comments?post=35"}],"version-history":[{"count":1,"href":"https:\/\/definetz.eu\/en\/wp-json\/wp\/v2\/pages\/35\/revisions"}],"predecessor-version":[{"id":92,"href":"https:\/\/definetz.eu\/en\/wp-json\/wp\/v2\/pages\/35\/revisions\/92"}],"wp:attachment":[{"href":"https:\/\/definetz.eu\/en\/wp-json\/wp\/v2\/media?parent=35"}],"curies":[{"name":"wp","href":"https:\/\/api.w.org\/{rel}","templated":true}]}}